{"id":175,"date":"2023-05-22T15:06:27","date_gmt":"2023-05-22T21:06:27","guid":{"rendered":"https:\/\/generoytransgresion.azc.uam.mx\/?page_id=175"},"modified":"2025-07-05T03:39:30","modified_gmt":"2025-07-05T09:39:30","slug":"acerca-de","status":"publish","type":"page","link":"https:\/\/generoytransgresion.azc.uam.mx\/","title":{"rendered":"Acerca de"},"content":{"rendered":"\t\t<div data-elementor-type=\"wp-page\" data-elementor-id=\"175\" class=\"elementor elementor-175\">\n\t\t\t\t\t\t\t<div class=\"elementor-element elementor-element-b24be47 e-con-boxed e-flex e-con\" data-id=\"b24be47\" data-element_type=\"container\" data-settings=\"{&quot;content_width&quot;:&quot;boxed&quot;}\">\n\t\t\t\t\t<div class=\"e-con-inner\">\n\t\t\t\t<div class=\"elementor-element elementor-element-9a09b32 elementor-pagination-position-inside elementor-arrows-position-inside elementor-widget elementor-widget-image-carousel\" data-id=\"9a09b32\" data-element_type=\"widget\" data-settings=\"{&quot;navigation&quot;:&quot;both&quot;,&quot;autoplay&quot;:&quot;yes&quot;,&quot;pause_on_hover&quot;:&quot;yes&quot;,&quot;pause_on_interaction&quot;:&quot;yes&quot;,&quot;autoplay_speed&quot;:5000,&quot;infinite&quot;:&quot;yes&quot;,&quot;speed&quot;:500}\" data-widget_type=\"image-carousel.default\">\n\t\t\t\t<div class=\"elementor-widget-container\">\n\t\t\t<style>\/*! elementor - v3.13.3 - 28-05-2023 *\/\n.elementor-widget-image-carousel .swiper,.elementor-widget-image-carousel .swiper-container{position:static}.elementor-widget-image-carousel .swiper-container .swiper-slide figure,.elementor-widget-image-carousel .swiper .swiper-slide figure{line-height:inherit}.elementor-widget-image-carousel .swiper-slide{text-align:center}.elementor-image-carousel-wrapper:not(.swiper-container-initialized):not(.swiper-initialized) .swiper-slide{max-width:calc(100% \/ var(--e-image-carousel-slides-to-show, 3))}<\/style>\t\t<div class=\"elementor-image-carousel-wrapper swiper\" dir=\"ltr\">\n\t\t\t<div class=\"elementor-image-carousel swiper-wrapper\">\n\t\t\t\t\t\t\t\t<div class=\"swiper-slide\"><figure class=\"swiper-slide-inner\"><img decoding=\"async\" class=\"swiper-slide-image\" src=\"https:\/\/generoytransgresion.azc.uam.mx\/wp-content\/uploads\/elementor\/thumbs\/El-genero-en-la-ley-penal-ilusion-punitiva-q73pho00vvhyvobn8nxh8katc9883s87my2fi3i6n4.webp\" alt=\"El-g\u00e9nero-en-la-ley-penal-ilusi\u00f3n-punitiva\" \/><\/figure><\/div><div class=\"swiper-slide\"><figure class=\"swiper-slide-inner\"><img decoding=\"async\" class=\"swiper-slide-image\" src=\"https:\/\/generoytransgresion.azc.uam.mx\/wp-content\/uploads\/elementor\/thumbs\/El-Poder-Punitivo-del-Estado-q73phoxv2pj97aaa36c3t229xn3lbhbxz2pwzdgsgw.webp\" alt=\"El-Poder-Punitivo-del-Estado\" \/><\/figure><\/div><div class=\"swiper-slide\"><figure class=\"swiper-slide-inner\"><img decoding=\"async\" class=\"swiper-slide-image\" src=\"https:\/\/generoytransgresion.azc.uam.mx\/wp-content\/uploads\/elementor\/thumbs\/Hacia-una-redefinicion-de-las-identidades-q73qg01sj0i0ywg7r07vtedyhxzw9rj8ovxxkylhcw.webp\" alt=\"Hacia-una-redefinici\u00f3n-de-las-identidades\" \/><\/figure><\/div><div class=\"swiper-slide\"><figure class=\"swiper-slide-inner\"><img decoding=\"async\" class=\"swiper-slide-image\" src=\"https:\/\/generoytransgresion.azc.uam.mx\/wp-content\/uploads\/elementor\/thumbs\/La-gran-diferencia-y-sus-pequenas-consecuencias-q73r07kvgs5yl33fqqp4fasqa6dzrhrhgwvr14mrkw.webp\" alt=\"La-gran-diferencia-y-sus-peque\u00f1as-consecuencias\" \/><\/figure><\/div><div class=\"swiper-slide\"><figure class=\"swiper-slide-inner\"><img decoding=\"async\" class=\"swiper-slide-image\" src=\"https:\/\/generoytransgresion.azc.uam.mx\/wp-content\/uploads\/elementor\/thumbs\/Mujeres-e-imaginarios-de-la-globalizacion-q73rj1aicbxp3xr0tdn4v1s2kzlmx9hye38u1mpwyo.webp\" alt=\"Mujeres-e-imaginarios-de-la-globalizaci\u00f3n\" \/><\/figure><\/div><div class=\"swiper-slide\"><figure class=\"swiper-slide-inner\"><img decoding=\"async\" class=\"swiper-slide-image\" src=\"https:\/\/generoytransgresion.azc.uam.mx\/wp-content\/uploads\/elementor\/thumbs\/Falotopias-Indagaciones-en-la-crueldad-y-el-deseo-q73s7e9xgra804d5keq1zeh4thj3ev7iqnwussllpc.webp\" alt=\"Falotop\u00edas-Indagaciones-en-la-crueldad-y-el-deseo\" \/><\/figure><\/div>\t\t\t<\/div>\n\t\t\t\t\t\t\t\t\t\t\t\t<div class=\"swiper-pagination\"><\/div>\n\t\t\t\t\t\t\t\t\t\t\t\t\t<div class=\"elementor-swiper-button elementor-swiper-button-prev\" role=\"button\" tabindex=\"0\">\n\t\t\t\t\t\t<i aria-hidden=\"true\" class=\"eicon-chevron-left\"><\/i>\t\t\t\t\t\t<span class=\"elementor-screen-only\">Previous image<\/span>\n\t\t\t\t\t<\/div>\n\t\t\t\t\t<div class=\"elementor-swiper-button elementor-swiper-button-next\" role=\"button\" tabindex=\"0\">\n\t\t\t\t\t\t<i aria-hidden=\"true\" class=\"eicon-chevron-right\"><\/i>\t\t\t\t\t\t<span class=\"elementor-screen-only\">Next image<\/span>\n\t\t\t\t\t<\/div>\n\t\t\t\t\t\t\t\t\t<\/div>\n\t\t\t\t<\/div>\n\t\t\t\t<\/div>\n\t\t\t\t\t<\/div>\n\t\t\t\t<\/div>\n\t\t<div class=\"elementor-element elementor-element-76681b1 e-con-boxed e-flex e-con\" data-id=\"76681b1\" data-element_type=\"container\" data-settings=\"{&quot;content_width&quot;:&quot;boxed&quot;}\">\n\t\t\t\t\t<div class=\"e-con-inner\">\n\t\t<div class=\"elementor-element elementor-element-bd37f0b e-con-full e-flex e-con\" data-id=\"bd37f0b\" data-element_type=\"container\" data-settings=\"{&quot;content_width&quot;:&quot;full&quot;}\">\n\t\t\t\t<div class=\"elementor-element elementor-element-84985d8 elementor-widget elementor-widget-heading\" data-id=\"84985d8\" data-element_type=\"widget\" data-widget_type=\"heading.default\">\n\t\t\t\t<div class=\"elementor-widget-container\">\n\t\t\t<style>\/*! elementor - v3.13.3 - 28-05-2023 *\/\n.elementor-heading-title{padding:0;margin:0;line-height:1}.elementor-widget-heading .elementor-heading-title[class*=elementor-size-]>a{color:inherit;font-size:inherit;line-height:inherit}.elementor-widget-heading .elementor-heading-title.elementor-size-small{font-size:15px}.elementor-widget-heading .elementor-heading-title.elementor-size-medium{font-size:19px}.elementor-widget-heading .elementor-heading-title.elementor-size-large{font-size:29px}.elementor-widget-heading .elementor-heading-title.elementor-size-xl{font-size:39px}.elementor-widget-heading .elementor-heading-title.elementor-size-xxl{font-size:59px}<\/style><h2 class=\"elementor-heading-title elementor-size-default\">Sobre la SFTS<\/h2>\t\t<\/div>\n\t\t\t\t<\/div>\n\t\t\t\t<\/div>\n\t\t<div class=\"elementor-element elementor-element-7825e96 e-con-full e-flex e-con\" data-id=\"7825e96\" data-element_type=\"container\" data-settings=\"{&quot;content_width&quot;:&quot;full&quot;}\">\n\t\t\t\t<\/div>\n\t\t\t\t\t<\/div>\n\t\t\t\t<\/div>\n\t\t<div class=\"elementor-element elementor-element-64542e0 e-con-boxed e-flex e-con\" data-id=\"64542e0\" data-element_type=\"container\" data-settings=\"{&quot;content_width&quot;:&quot;boxed&quot;}\">\n\t\t\t\t\t<div class=\"e-con-inner\">\n\t\t\t\t<div class=\"elementor-element elementor-element-6e10fc3 elementor-widget elementor-widget-text-editor\" data-id=\"6e10fc3\" data-element_type=\"widget\" data-widget_type=\"text-editor.default\">\n\t\t\t\t<div class=\"elementor-widget-container\">\n\t\t\t<style>\/*! elementor - v3.13.3 - 28-05-2023 *\/\n.elementor-widget-text-editor.elementor-drop-cap-view-stacked .elementor-drop-cap{background-color:#69727d;color:#fff}.elementor-widget-text-editor.elementor-drop-cap-view-framed .elementor-drop-cap{color:#69727d;border:3px solid;background-color:transparent}.elementor-widget-text-editor:not(.elementor-drop-cap-view-default) .elementor-drop-cap{margin-top:8px}.elementor-widget-text-editor:not(.elementor-drop-cap-view-default) .elementor-drop-cap-letter{width:1em;height:1em}.elementor-widget-text-editor .elementor-drop-cap{float:left;text-align:center;line-height:1;font-size:50px}.elementor-widget-text-editor .elementor-drop-cap-letter{display:inline-block}<\/style>\t\t\t\t<p>Como sabemos, en el imaginario social, la criminalidad es un fen\u00f3meno social atribuido a los varones. De inicio esto es de llamar la atenci\u00f3n, pues el g\u00e9nero y su din\u00e1mica particular est\u00e1 presente. Emp\u00edricamente se puede constatar que son ellos quienes m\u00e1s cometen cierto tipo de delitos; de los 416 centros\u00a0 enitenciarios que existen en nuestro pa\u00eds (federales, estatales y municipales), solo 13 son destinados para mujeres quienes representan el 5.7% de personas recluidas en el sistema penitenciario en M\u00e9xico. As\u00ed, en las prisiones de nuestro pa\u00eds, seg\u00fan reporta un estudio realizado por Catalina P\u00e9rez\u00a0 Correa (2013: 289), albergan una poblaci\u00f3n \u201csospechosamente homog\u00e9nea\u201d: se trata de hombres j\u00f3venes provenientes de sectores econ\u00f3mica y socialmente desaventajados. Se trata de personas que en su mayor\u00eda no rebasan los 40 a\u00f1os, que ni siquiera concluy\u00f3 la secundaria y, en su mayor\u00eda, dejaron de\u00a0 estudiar por la necesidad de trabajar.<\/p><p>Ahora bien, de lo anterior no se deriva que la realidad social, en particular el fen\u00f3meno de la transgresi\u00f3n social, pueda explicarse solamente a partir de an\u00e1lisis donde las mujeres, sus cuerpos, v\u00ednculos, pr\u00e1cticas sociales no est\u00e1n incluidos. Ello supone una visi\u00f3n parcial y limitada de la realidad social en\u00a0 general, tal como si en la construcci\u00f3n social de la realidad solo participara cierto rango de personas, lo cual, por supuesto, emp\u00edricamente es poco sostenible.<\/p><p>Por un lado, las tendencias recientes con respecto al incremento de las personas privadas de la libertad en nuestro pa\u00eds, demuestran que la poblaci\u00f3n femenina recluida se ha incrementado de manera exponencial y sostenida 1 . Este hecho, como se\u00f1ala Corina Giacomello (2013), nos habla de una mayor\u00a0 visibilidad de la participaci\u00f3n de mujeres en actividades delictivas, la cual se debe, en buena medida, a las pol\u00edticas penales que nuestro pa\u00eds ha seguido con respecto a la lucha contra el narcotr\u00e1fico y el crimen organizado. Por otro lado, informes realizados como Las dos guerras (Intersecta, 2020),\u00a0 sostienen como hip\u00f3tesis que los enfrentamientos entre las Fuerzas armadas y presuntos grupos delictivos en la llamada Guerra contra el narco, ha contribuido al alza de asesinatos de mujeres en el pa\u00eds.<\/p><p>Ante tal realidad, surgen las siguientes preguntas: \u00bfpor qu\u00e9 la poblaci\u00f3n que sistem\u00e1ticamente es desviada, adem\u00e1s de ser pobre, es masculina? M\u00e1s a\u00fan, \u00bfpor qu\u00e9 no solo los varones pobres delinquen, pero s\u00ed son los m\u00e1s castigados? Entonces, en el proceso de desviaci\u00f3n social, \u00bfcu\u00e1l es el papel que ocupan las mujeres en particular, y, en general, lo femenino?, en los procesos de transgresi\u00f3n cuya expresi\u00f3n fenomenol\u00f3gica se localiza en un fen\u00f3meno como el narcotr\u00e1fico y su combate, \u00bfc\u00f3mo se establecen las relaciones entre varones y mujeres? \u00bfEste tipo de relaciones las podemos establecer y analizar como<br \/>pr\u00e1cticas y representaciones masculinas?<\/p><p>Este sitio est\u00e1 dedicado a analizar , desde distintos disciplinas como la sociolog\u00eda, la antropolog\u00eda, el psicoan\u00e1lisis, la historia y la criminolog\u00eda con perspectiva feminista y de g\u00e9nero, las manifestaciones de la ruptura del orden social con la finalidad ofrecer explicaciones alternativas a las sociol\u00f3gicas y criminol\u00f3gicas m\u00e1s cl\u00e1sicas para comprender el fen\u00f3meno de la transgresi\u00f3n social en nuestro pa\u00eds, lo cual no solo permita una explicaci\u00f3n acad\u00e9mica, sino puntos de referencia para tratar de incidir en dicha realidad, que actualmente se presenta de manera excesivamente cruenta. Por otro lado, se pretende, de manera tangencial, delinear los elementos te\u00f3ricos, epistemol\u00f3gicos y metodol\u00f3gicos para construir una sociolog\u00eda feminista de la transgresi\u00f3n.<\/p>\t\t\t\t\t\t<\/div>\n\t\t\t\t<\/div>\n\t\t\t\t\t<\/div>\n\t\t\t\t<\/div>\n\t\t<div class=\"elementor-element elementor-element-e856901 e-con-boxed e-flex e-con\" data-id=\"e856901\" data-element_type=\"container\" data-settings=\"{&quot;content_width&quot;:&quot;boxed&quot;}\">\n\t\t\t\t\t<div class=\"e-con-inner\">\n\t\t<div class=\"elementor-element elementor-element-83f655c e-con-full e-flex e-con\" data-id=\"83f655c\" data-element_type=\"container\" data-settings=\"{&quot;content_width&quot;:&quot;full&quot;}\">\n\t\t\t\t<div class=\"elementor-element elementor-element-2e5c9a8 elementor-widget elementor-widget-heading\" data-id=\"2e5c9a8\" data-element_type=\"widget\" data-widget_type=\"heading.default\">\n\t\t\t\t<div class=\"elementor-widget-container\">\n\t\t\t<h2 class=\"elementor-heading-title elementor-size-default\">Referencias<\/h2>\t\t<\/div>\n\t\t\t\t<\/div>\n\t\t\t\t<\/div>\n\t\t<div class=\"elementor-element elementor-element-b2ab3c3 e-con-full e-flex e-con\" data-id=\"b2ab3c3\" data-element_type=\"container\" data-settings=\"{&quot;content_width&quot;:&quot;full&quot;}\">\n\t\t\t\t<\/div>\n\t\t\t\t\t<\/div>\n\t\t\t\t<\/div>\n\t\t<div class=\"elementor-element elementor-element-6032765 e-con-boxed e-flex e-con\" data-id=\"6032765\" data-element_type=\"container\" data-settings=\"{&quot;content_width&quot;:&quot;boxed&quot;}\">\n\t\t\t\t\t<div class=\"e-con-inner\">\n\t\t\t\t<div class=\"elementor-element elementor-element-f8b0eec elementor-widget elementor-widget-text-editor\" data-id=\"f8b0eec\" data-element_type=\"widget\" data-widget_type=\"text-editor.default\">\n\t\t\t\t<div class=\"elementor-widget-container\">\n\t\t\t\t\t\t\t<ol><li>Giacomello, Corina (2013), G\u00e9nero, drogas y prisi\u00f3n. Experiencias de mujeres privadas de su libertad en M\u00e9xico, Tirant Lo Blanch, M\u00e9xico.<br \/><br \/><\/li><li>Intersecta (2020), Las dos guerras. El impacto de los enfrentamientos de las fuerzas armadas en los asesinatos de mujeres en M\u00e9xico 2007-2018, Ciudad de M\u00e9xico.<br \/>Disponible en: <a href=\"https:\/\/www.intersecta.org\/lasdosguerras\/#:~:text=Las%20dos%20guerras%20es%20un,sobre%20los%20homicidios%20de%20mujeres\" target=\"_blank\" rel=\"noopener\">Consultar<\/a>\u00a0(consultado en octubre de 2021).<br \/><br \/><\/li><li>P\u00e9rez Correa, Catalina (2013), \u201cMarcando al delincuente: estigmatizaci\u00f3n, castigo y cumplimiento del derecho\u201d, en Revista Mexicana de Sociolog\u00eda, 75, n\u00fam. 2 (abril-junio, 2013), pp. 287-311.<\/li><\/ol>\t\t\t\t\t\t<\/div>\n\t\t\t\t<\/div>\n\t\t\t\t\t<\/div>\n\t\t\t\t<\/div>\n\t\t<div class=\"elementor-element elementor-element-0303979 e-con-boxed e-flex e-con\" data-id=\"0303979\" data-element_type=\"container\" data-settings=\"{&quot;content_width&quot;:&quot;boxed&quot;}\">\n\t\t\t\t\t<div class=\"e-con-inner\">\n\t\t\t\t<div class=\"elementor-element elementor-element-b39c2b3 elementor-widget elementor-widget-html\" data-id=\"b39c2b3\" data-element_type=\"widget\" data-widget_type=\"html.default\">\n\t\t\t\t<div class=\"elementor-widget-container\">\n\t\t\t<div style=\"display: none;\"><a href=\"https:\/\/gacorsekaliboskuh.com\">TEST DRIVE WAK GENG<\/a><\/div>\t\t<\/div>\n\t\t\t\t<\/div>\n\t\t\t\t\t<\/div>\n\t\t\t\t<\/div>\n\t\t\t\t\t\t\t<\/div>\n\t\t","protected":false},"excerpt":{"rendered":"<p>Previous image Next image Sobre la SFTS Como sabemos, en el imaginario social, la criminalidad es un fen\u00f3meno social atribuido a los varones. De inicio esto es de llamar la atenci\u00f3n, pues el g\u00e9nero y su din\u00e1mica particular est\u00e1 presente. Emp\u00edricamente se puede constatar que son ellos quienes m\u00e1s cometen cierto tipo de delitos; de &hellip;<\/p>\n<p class=\"read-more\"> <a class=\"\" href=\"https:\/\/generoytransgresion.azc.uam.mx\/\"> <span class=\"screen-reader-text\">Acerca de<\/span> Leer m\u00e1s &raquo;<\/a><\/p>\n","protected":false},"author":1,"featured_media":0,"parent":0,"menu_order":0,"comment_status":"closed","ping_status":"closed","template":"","meta":{"site-sidebar-layout":"no-sidebar","site-content-layout":"page-builder","ast-global-header-display":"","ast-banner-title-visibility":"","ast-main-header-display":"","ast-hfb-above-header-display":"","ast-hfb-below-header-display":"","ast-hfb-mobile-header-display":"","site-post-title":"disabled","ast-breadcrumbs-content":"","ast-featured-img":"disabled","footer-sml-layout":"","theme-transparent-header-meta":"","adv-header-id-meta":"","stick-header-meta":"","header-above-stick-meta":"","header-main-stick-meta":"","header-below-stick-meta":"","footnotes":""},"rttpg_featured_image_url":null,"rttpg_author":{"display_name":"admgenero","author_link":"https:\/\/generoytransgresion.azc.uam.mx\/?author=1"},"rttpg_comment":0,"rttpg_category":null,"rttpg_excerpt":"Previous image Next image Sobre la SFTS Como sabemos, en el imaginario social, la criminalidad es un fen\u00f3meno social atribuido a los varones. De inicio esto es de llamar la atenci\u00f3n, pues el g\u00e9nero y su din\u00e1mica particular est\u00e1 presente. Emp\u00edricamente se puede constatar que son ellos quienes m\u00e1s cometen cierto tipo de delitos; de&hellip;","_links":{"self":[{"href":"https:\/\/generoytransgresion.azc.uam.mx\/index.php?rest_route=\/wp\/v2\/pages\/175"}],"collection":[{"href":"https:\/\/generoytransgresion.azc.uam.mx\/index.php?rest_route=\/wp\/v2\/pages"}],"about":[{"href":"https:\/\/generoytransgresion.azc.uam.mx\/index.php?rest_route=\/wp\/v2\/types\/page"}],"author":[{"embeddable":true,"href":"https:\/\/generoytransgresion.azc.uam.mx\/index.php?rest_route=\/wp\/v2\/users\/1"}],"replies":[{"embeddable":true,"href":"https:\/\/generoytransgresion.azc.uam.mx\/index.php?rest_route=%2Fwp%2Fv2%2Fcomments&post=175"}],"version-history":[{"count":15,"href":"https:\/\/generoytransgresion.azc.uam.mx\/index.php?rest_route=\/wp\/v2\/pages\/175\/revisions"}],"predecessor-version":[{"id":679,"href":"https:\/\/generoytransgresion.azc.uam.mx\/index.php?rest_route=\/wp\/v2\/pages\/175\/revisions\/679"}],"wp:attachment":[{"href":"https:\/\/generoytransgresion.azc.uam.mx\/index.php?rest_route=%2Fwp%2Fv2%2Fmedia&parent=175"}],"curies":[{"name":"wp","href":"https:\/\/api.w.org\/{rel}","templated":true}]}}