{"id":191,"date":"2023-05-22T15:52:22","date_gmt":"2023-05-22T21:52:22","guid":{"rendered":"https:\/\/generoytransgresion.azc.uam.mx\/?page_id=191"},"modified":"2023-05-27T12:54:03","modified_gmt":"2023-05-27T18:54:03","slug":"seminario","status":"publish","type":"page","link":"https:\/\/generoytransgresion.azc.uam.mx\/?page_id=191","title":{"rendered":"Seminario"},"content":{"rendered":"\t\t<div data-elementor-type=\"wp-page\" data-elementor-id=\"191\" class=\"elementor elementor-191\">\n\t\t\t\t\t\t\t<div class=\"elementor-element elementor-element-390ee96 e-con-boxed e-flex e-con\" data-id=\"390ee96\" data-element_type=\"container\" data-settings=\"{&quot;content_width&quot;:&quot;boxed&quot;}\">\n\t\t\t\t\t<div class=\"e-con-inner\">\n\t\t<div class=\"elementor-element elementor-element-29e16c7 e-con-full e-flex e-con\" data-id=\"29e16c7\" data-element_type=\"container\" data-settings=\"{&quot;content_width&quot;:&quot;full&quot;}\">\n\t\t\t\t<div class=\"elementor-element elementor-element-7f1e9ed elementor-widget elementor-widget-heading\" data-id=\"7f1e9ed\" data-element_type=\"widget\" data-widget_type=\"heading.default\">\n\t\t\t\t<div class=\"elementor-widget-container\">\n\t\t\t<style>\/*! elementor - v3.13.3 - 28-05-2023 *\/\n.elementor-heading-title{padding:0;margin:0;line-height:1}.elementor-widget-heading .elementor-heading-title[class*=elementor-size-]>a{color:inherit;font-size:inherit;line-height:inherit}.elementor-widget-heading .elementor-heading-title.elementor-size-small{font-size:15px}.elementor-widget-heading .elementor-heading-title.elementor-size-medium{font-size:19px}.elementor-widget-heading .elementor-heading-title.elementor-size-large{font-size:29px}.elementor-widget-heading .elementor-heading-title.elementor-size-xl{font-size:39px}.elementor-widget-heading .elementor-heading-title.elementor-size-xxl{font-size:59px}<\/style><h2 class=\"elementor-heading-title elementor-size-default\">Seminario<\/h2>\t\t<\/div>\n\t\t\t\t<\/div>\n\t\t\t\t<\/div>\n\t\t<div class=\"elementor-element elementor-element-6117f46 e-con-full e-flex e-con\" data-id=\"6117f46\" data-element_type=\"container\" data-settings=\"{&quot;content_width&quot;:&quot;full&quot;}\">\n\t\t\t\t<\/div>\n\t\t\t\t\t<\/div>\n\t\t\t\t<\/div>\n\t\t<div class=\"elementor-element elementor-element-fa7d6d0 e-con-boxed e-flex e-con\" data-id=\"fa7d6d0\" data-element_type=\"container\" data-settings=\"{&quot;content_width&quot;:&quot;boxed&quot;}\">\n\t\t\t\t\t<div class=\"e-con-inner\">\n\t\t\t\t<div class=\"elementor-element elementor-element-ad65e29 elementor-widget elementor-widget-text-editor\" data-id=\"ad65e29\" data-element_type=\"widget\" data-widget_type=\"text-editor.default\">\n\t\t\t\t<div class=\"elementor-widget-container\">\n\t\t\t<style>\/*! elementor - v3.13.3 - 28-05-2023 *\/\n.elementor-widget-text-editor.elementor-drop-cap-view-stacked .elementor-drop-cap{background-color:#69727d;color:#fff}.elementor-widget-text-editor.elementor-drop-cap-view-framed .elementor-drop-cap{color:#69727d;border:3px solid;background-color:transparent}.elementor-widget-text-editor:not(.elementor-drop-cap-view-default) .elementor-drop-cap{margin-top:8px}.elementor-widget-text-editor:not(.elementor-drop-cap-view-default) .elementor-drop-cap-letter{width:1em;height:1em}.elementor-widget-text-editor .elementor-drop-cap{float:left;text-align:center;line-height:1;font-size:50px}.elementor-widget-text-editor .elementor-drop-cap-letter{display:inline-block}<\/style>\t\t\t\t<p>En el M\u00e9xico contempor\u00e1neo, la realidad social parece estar estructurada por una din\u00e1mica de transgresi\u00f3n social permanente. Los altos \u00edndices de criminalidad, las c\u00e1rceles sobrepobladas y autogobernadas, la cultura asociada al crimen organizado y las consecuencias no deseadas de mantener al ej\u00e9rcito en las calles encargado de la seguridad p\u00fablica, generan procesos sociales que tienen un impacto directo en la vida de las personas, particularmente en la vida de las mujeres, los y las j\u00f3venes, personas en condici\u00f3n de pobreza y desplazadas o migrantes: un visible incremento de feminicidios, personas desaparecidas, varones j\u00f3venes engrosando las filas de los ej\u00e9rcitos de reserva del crimen organizado; en suma, vidas precarizadas por din\u00e1micas sociales violentas.<\/p><p>Tal realidad, por ominosa, requiere ser analizada, comprendida y explicada por las distintas disciplinas de las ciencias sociales y humanidades con la finalidad de incidir en ella, modificarla de tal modo que sean otro tipo de procesos sociales los que vinculen a las personas donde la violencia no sea parte de la vida de dichos grupos sociales.<\/p><p>Es posible sostener que nuestra realidad social es el resultado, en buena medida, de la intersecci\u00f3n de la cultura asociada al crimen organizado (Mor\u00edn, 2015) y de la respuesta punitiva por parte del Estado, cuyo ejercicio de poder pol\u00edtico es, fundamentalmente y en la mayor\u00eda de los casos, corrupto.<\/p><p>En ese sentido, existen hip\u00f3tesis sobre que en las \u00faltimas d\u00e9cadas el incremento de la violencia contra las mujeres, especialmente la violencia feminicida, y la crisis de desaparici\u00f3n de personas 2 y crisis forense 3 , se debe a la denominada guerra contra el narco, iniciada por Felipe Calder\u00f3n en 2006 (Intersecta, 2020). Otro tanto ocurre con las personas privadas de la libertad (P\u00e9rez Correa, 2013) ya que, en las \u00faltimas d\u00e9cadas, el uso de la c\u00e1rcel es indiscriminado. Por lo que, en el seminario, se sugiere (m\u00e1s no se limita) a pensar en los siguientes sujetos de estudio: las mujeres, personas desaparecidas y personas en situaci\u00f3n en c\u00e1rcel. Esto es, aquellos sujetos que, dada la l\u00f3gica de g\u00e9nero que impregna en el orden social (en su nivel simb\u00f3lico e imaginario), se ven feminizados por un cruce de caracter\u00edsticas adscriptivas tales como la raza, la etnia, el g\u00e9nero, la clase social o la<br \/>nacionalidad.<\/p><p>El hecho de tener un n\u00famero oficial de personas desaparecidas, de mujeres asesinadas y de la poblaci\u00f3n penitenciaria, cifras que visiblemente han aumentado en las \u00faltimas d\u00e9cadas, no quiere decir que comprendamos los procesos pol\u00edticos, sociales y culturales que dan lugar a dichos fen\u00f3menos: La guerra contra el narco es, sin duda, un elemento fundamental, contextual e hist\u00f3ricamente situado que hace visibles problem\u00e1ticas estructurales, pero en absoluto las explica y esto es necesario si queremos incidir en la realidad.<\/p><p>En este sentido, este seminario tiene como objetivo general de investigaci\u00f3n describir y explicar las din\u00e1micas sociales y pol\u00edticas que se establecen entre las instancias de desviaci\u00f3n (primaria y secundaria) y los imaginarios de orden social, y si dicha relaci\u00f3n est\u00e1 determinada por una din\u00e1mica particular del orden de g\u00e9nero. Por lo tanto, a trav\u00e9s de la revisi\u00f3n de textos de corte sociol\u00f3gico, jur\u00eddico, antropol\u00f3gico, psicoanal\u00edtico y de la teor\u00eda feminista se propone poner a prueba la siguiente hip\u00f3tesis:<\/p><p>Los procesos de desviaci\u00f3n social (por ejemplo, la relaci\u00f3n entre la econom\u00eda del poder punitivo estatal y ciertas expresiones identitarias y subjetivas) est\u00e1n estructuradas por una l\u00f3gica simb\u00f3lica e imaginaria de g\u00e9nero. Esto es, en un primer nivel, por la relaci\u00f3n entre lo masculino y lo femenino y, en otro nivel, entre las mujeres y los hombres. Se sostiene que el discurso penal y de seguridad nacional, fundamentales en la pol\u00edtica criminal para prevenir las conductas delictivas y combatir el crimen organizado, cristalizan en el etiquetamiento de ciertas conductas, cuerpos, v\u00ednculos, en suma, identidades y subjetividades (varones, j\u00f3venes, en la precariedad econ\u00f3mica y cultural) que est\u00e1n en franco conflicto con las identidades de los varones que ostentan la masculinidad hegem\u00f3nica. Dicho en otras palabras: el sujeto peligroso que perfila la pol\u00edtica criminal est\u00e1 vinculado, a nivel simb\u00f3lico como imaginario, al g\u00e9nero en la medida en que aquello que se criminaliza, se persigue y castiga, no cumple con los par\u00e1metros de la masculinidad hegem\u00f3nica.<\/p><p>Ahora bien, en este pa\u00eds, las implicaciones de ser un tipo determinado de hombre no solo se determinan por encarnar significados de masculinidad que est\u00e1n en disputa, sino que para la constituci\u00f3n de un tipo de varones con determinada masculinidad es fundamental establecer los significados y el papel que ocupan las mujeres en un orden social, sea \u00e9ste, incluso, uno que est\u00e9 en disputa. De manera concreta, en esta primera etapa del seminario se propone dividir en dos categor\u00edas los textos a analizar: una primera categor\u00eda te\u00f3rica donde se revisen los fundamentos anal\u00edticos del planteamiento general, tal como la propuesta feminista sobre el orden de g\u00e9nero y de las identidades, con la finalidad de comprender c\u00f3mo se estructura la realidad social a parir de la simb\u00f3lica de g\u00e9nero. En lo que respecta a conceptos como transgresi\u00f3n, desviaci\u00f3n y violencia, es importante acudir a los planteamientos psicoanal\u00edticos y de la criminolog\u00eda feminista. En cuanto a la segunda categor\u00eda, se propone la revisi\u00f3n de textos emp\u00edricos sobre la cr\u00edtica feminista a la criminolog\u00eda cr\u00edtica que contribuyan al an\u00e1lisis del contexto de violencia estructural que permea las diversas dimensiones de la realidad social en M\u00e9xico.<\/p><p>El programa est\u00e1 pensado de la siguiente manera: con las primeras lecturas se revisar\u00e1n las principales contribuciones del feminismo a la criminolog\u00eda. En una segunda sesi\u00f3n, revisaremos la propuesta simb\u00f3lica para comprender el orden de g\u00e9nero, para despu\u00e9s realizar una lectura de la realidad mexicana con respecto a los feminicidios y los pactos patriarcales. Tanto el problema del feminicidio como el de la desaparici\u00f3n de personas requieren ser analizados por un entramado conceptual que d\u00e9 cuenta de sus implicaciones sociales y subjetivas, por ello, se proponen un par de lecturas sobre el deseo, el goce y lo siniestro, desde el psicoan\u00e1lisis. Finalmente, se indican algunas investigaciones, sobre todo de la antropolog\u00eda, que analizan la situaci\u00f3n social con respecto a los sujetos que aqu\u00ed proponemos analizar.<\/p>\t\t\t\t\t\t<\/div>\n\t\t\t\t<\/div>\n\t\t\t\t\t<\/div>\n\t\t\t\t<\/div>\n\t\t<div class=\"elementor-element elementor-element-5ed9cba e-con-boxed e-flex e-con\" data-id=\"5ed9cba\" data-element_type=\"container\" data-settings=\"{&quot;content_width&quot;:&quot;boxed&quot;}\">\n\t\t\t\t\t<div class=\"e-con-inner\">\n\t\t<div class=\"elementor-element elementor-element-6137863 e-con-full e-flex e-con\" data-id=\"6137863\" data-element_type=\"container\" data-settings=\"{&quot;content_width&quot;:&quot;full&quot;}\">\n\t\t\t\t<div class=\"elementor-element elementor-element-2d2a622 elementor-widget elementor-widget-heading\" data-id=\"2d2a622\" data-element_type=\"widget\" data-widget_type=\"heading.default\">\n\t\t\t\t<div class=\"elementor-widget-container\">\n\t\t\t<h2 class=\"elementor-heading-title elementor-size-default\">Referencias<\/h2>\t\t<\/div>\n\t\t\t\t<\/div>\n\t\t\t\t<\/div>\n\t\t<div class=\"elementor-element elementor-element-b190c7f e-con-full e-flex e-con\" data-id=\"b190c7f\" data-element_type=\"container\" data-settings=\"{&quot;content_width&quot;:&quot;full&quot;}\">\n\t\t\t\t<\/div>\n\t\t\t\t\t<\/div>\n\t\t\t\t<\/div>\n\t\t<div class=\"elementor-element elementor-element-a08afa1 e-con-boxed e-flex e-con\" data-id=\"a08afa1\" data-element_type=\"container\" data-settings=\"{&quot;content_width&quot;:&quot;boxed&quot;}\">\n\t\t\t\t\t<div class=\"e-con-inner\">\n\t\t\t\t<div class=\"elementor-element elementor-element-da1cf6c elementor-widget elementor-widget-text-editor\" data-id=\"da1cf6c\" data-element_type=\"widget\" data-widget_type=\"text-editor.default\">\n\t\t\t\t<div class=\"elementor-widget-container\">\n\t\t\t\t\t\t\t<ol><li>Intersecta, (2020) Las dos guerras. El impacto de los enfrentamientos de las fuerzas armadas en los asesinatos de mujeres en M\u00e9xico 2007-2018, Ciudad de M\u00e9xico. Disponible en: <span style=\"text-decoration: underline;\"><a href=\"http:\/\/www.intersecta.org\/lasdosguerras\/#:~:text=Las%20dos%20guerras %20es%20un,sobre%20los%20homicidios%20de%20mujeres\" target=\"_blank\" rel=\"noopener\" data-wplink-url-error=\"true\">Consultar<\/a><\/span>\u00a0(consultado en octubre de 2021).<br \/><br \/><\/li><li>Mor\u00edn, Edgar (2015), La ma\u00f1a. Un recorrido antropol\u00f3gico por la cultura de las drogas, Debate, M\u00e9xico.<br \/><br \/><\/li><li>P\u00e9rez Correa, Catalina (2013), \u201cMarcando al delincuente: estigmatizaci\u00f3n, castigo y cumplimiento del derecho\u201d, en Revista Mexicana de Sociolog\u00eda, 75, n\u00fam. 2 (abril-junio, 2013), pp. 287-311.<\/li><\/ol>\t\t\t\t\t\t<\/div>\n\t\t\t\t<\/div>\n\t\t\t\t\t<\/div>\n\t\t\t\t<\/div>\n\t\t\t\t\t\t\t<\/div>\n\t\t","protected":false},"excerpt":{"rendered":"<p>Seminario En el M\u00e9xico contempor\u00e1neo, la realidad social parece estar estructurada por una din\u00e1mica de transgresi\u00f3n social permanente. Los altos \u00edndices de criminalidad, las c\u00e1rceles sobrepobladas y autogobernadas, la cultura asociada al crimen organizado y las consecuencias no deseadas de mantener al ej\u00e9rcito en las calles encargado de la seguridad p\u00fablica, generan procesos sociales que &hellip;<\/p>\n<p class=\"read-more\"> <a class=\"\" href=\"https:\/\/generoytransgresion.azc.uam.mx\/?page_id=191\"> <span class=\"screen-reader-text\">Seminario<\/span> Leer m\u00e1s &raquo;<\/a><\/p>\n","protected":false},"author":1,"featured_media":0,"parent":0,"menu_order":0,"comment_status":"closed","ping_status":"closed","template":"","meta":{"site-sidebar-layout":"no-sidebar","site-content-layout":"page-builder","ast-global-header-display":"","ast-banner-title-visibility":"","ast-main-header-display":"","ast-hfb-above-header-display":"","ast-hfb-below-header-display":"","ast-hfb-mobile-header-display":"","site-post-title":"disabled","ast-breadcrumbs-content":"","ast-featured-img":"disabled","footer-sml-layout":"","theme-transparent-header-meta":"","adv-header-id-meta":"","stick-header-meta":"","header-above-stick-meta":"","header-main-stick-meta":"","header-below-stick-meta":"","footnotes":""},"rttpg_featured_image_url":null,"rttpg_author":{"display_name":"admgenero","author_link":"https:\/\/generoytransgresion.azc.uam.mx\/?author=1"},"rttpg_comment":0,"rttpg_category":null,"rttpg_excerpt":"Seminario En el M\u00e9xico contempor\u00e1neo, la realidad social parece estar estructurada por una din\u00e1mica de transgresi\u00f3n social permanente. Los altos \u00edndices de criminalidad, las c\u00e1rceles sobrepobladas y autogobernadas, la cultura asociada al crimen organizado y las consecuencias no deseadas de mantener al ej\u00e9rcito en las calles encargado de la seguridad p\u00fablica, generan procesos sociales que&hellip;","_links":{"self":[{"href":"https:\/\/generoytransgresion.azc.uam.mx\/index.php?rest_route=\/wp\/v2\/pages\/191"}],"collection":[{"href":"https:\/\/generoytransgresion.azc.uam.mx\/index.php?rest_route=\/wp\/v2\/pages"}],"about":[{"href":"https:\/\/generoytransgresion.azc.uam.mx\/index.php?rest_route=\/wp\/v2\/types\/page"}],"author":[{"embeddable":true,"href":"https:\/\/generoytransgresion.azc.uam.mx\/index.php?rest_route=\/wp\/v2\/users\/1"}],"replies":[{"embeddable":true,"href":"https:\/\/generoytransgresion.azc.uam.mx\/index.php?rest_route=%2Fwp%2Fv2%2Fcomments&post=191"}],"version-history":[{"count":6,"href":"https:\/\/generoytransgresion.azc.uam.mx\/index.php?rest_route=\/wp\/v2\/pages\/191\/revisions"}],"predecessor-version":[{"id":198,"href":"https:\/\/generoytransgresion.azc.uam.mx\/index.php?rest_route=\/wp\/v2\/pages\/191\/revisions\/198"}],"wp:attachment":[{"href":"https:\/\/generoytransgresion.azc.uam.mx\/index.php?rest_route=%2Fwp%2Fv2%2Fmedia&parent=191"}],"curies":[{"name":"wp","href":"https:\/\/api.w.org\/{rel}","templated":true}]}}